{"id":61,"date":"2020-02-18T15:04:11","date_gmt":"2020-02-18T15:04:11","guid":{"rendered":"https:\/\/prestalab.net\/?page_id=61"},"modified":"2021-05-25T22:59:32","modified_gmt":"2021-05-25T21:59:32","slug":"about","status":"publish","type":"page","link":"https:\/\/prestalab.net\/fr\/about\/","title":{"rendered":"A Propos"},"content":{"rendered":"<p class=\"has-text-color\" style=\"color:#000000\">PrestaLab est une soci\u00e9t\u00e9 IT, sp\u00e9cialis\u00e9e dans la cryptographie, la s\u00e9curit\u00e9 informatique et le conseil. <\/p>\n\n\n\n<p class=\"has-text-color\" style=\"color:#000000\">Chez PrestaLab, nous vous proposons une large gamme de solutions logicielles, notamment : <\/p>\n\n\n\n<ul class=\"list_style\"><li><strong>Solutions Cartes \u00e0 Puce<\/strong> (modules PKCS#11, KSP, CTK\u2026) : ces modules couvriront vos besoins en mati\u00e8re de chiffrement, d'authentification et de signature num\u00e9rique.<\/li><li><strong>APIs et Applications eMRTD<\/strong> : elles vous aideront \u00e0 acc\u00e9der \u00e0 vos donn\u00e9es sur tous vos document compatibles avec la norme <strong>ICAO DOC 9303<\/strong> (eIDs, ePasseports \u2026).<\/li><li><strong>Providers<\/strong> <strong>JCA \/ JCE<\/strong> : ceux-ci couvriront vos besoins en mati\u00e8re de chiffrement, d'authentification et de signature num\u00e9rique pour des cartes \u00e0 puce tr\u00e8s sp\u00e9cifiques.<\/li><\/ul>\n\n\n\n<p class=\"has-text-color\" style=\"color:#000000\">Gr\u00e2ce \u00e0 notre exp\u00e9rience approfondie dans le d\u00e9veloppement d'applications, et \u00e0 nos connaissances en cryptographie, cartes \u00e0 puce (<strong>PKCS#11, ISO 7816<\/strong>) et eMRTD (<strong>ICAO DOC 9303<\/strong>), nous vous proposons du conseil informatique afin de vous aider \u00e0 \u00e9valuer et \u00e0 mieux r\u00e9pondre \u00e0 tous vos besoins IT.<\/p>","protected":false},"excerpt":{"rendered":"<p>PrestaLab is an IT company that specializes in cryptography, IT security and consulting. At PrestaLab, we offer a wide range of software solutions, notably : Smart-Card based solutions (PKCS#11, KSP, CTK modules &#8230;) : these modules will cover your needs concerning data encryption, authentication and digital signature. eMRTD related APIs and applications : these will&hellip; <br \/> <a class=\"read-more\" href=\"https:\/\/prestalab.net\/fr\/about\/\">Lire la suite<\/a><\/p>","protected":false},"author":1,"featured_media":0,"parent":0,"menu_order":0,"comment_status":"closed","ping_status":"closed","template":"page-templates\/page-with-left-sidebar.php","meta":[],"yoast_head":"<!-- This site is optimized with the Yoast SEO plugin v21.1 - https:\/\/yoast.com\/wordpress\/plugins\/seo\/ -->\n<title>PrestaLab - About<\/title>\n<meta name=\"description\" content=\"PrestaLab is an IT company based in Meknes, Morocco. It is specialized in cryptography, IT security and consulting.\" \/>\n<meta name=\"robots\" content=\"index, follow, max-snippet:-1, max-image-preview:large, max-video-preview:-1\" \/>\n<link rel=\"canonical\" href=\"https:\/\/prestalab.net\/fr\/about\/\" \/>\n<meta property=\"og:locale\" content=\"fr_FR\" \/>\n<meta property=\"og:type\" content=\"article\" \/>\n<meta property=\"og:title\" content=\"PrestaLab - About\" \/>\n<meta property=\"og:description\" content=\"PrestaLab is an IT company based in Meknes, Morocco. It is specialized in cryptography, IT security and consulting.\" \/>\n<meta property=\"og:url\" content=\"https:\/\/prestalab.net\/fr\/about\/\" \/>\n<meta property=\"og:site_name\" content=\"PrestaLab\" \/>\n<meta property=\"article:modified_time\" content=\"2021-05-25T21:59:32+00:00\" \/>\n<meta name=\"twitter:card\" content=\"summary_large_image\" \/>\n<meta name=\"twitter:label1\" content=\"Dur\u00e9e de lecture estim\u00e9e\" \/>\n\t<meta name=\"twitter:data1\" content=\"1 minute\" \/>\n<script type=\"application\/ld+json\" class=\"yoast-schema-graph\">{\"@context\":\"https:\/\/schema.org\",\"@graph\":[{\"@type\":\"WebPage\",\"@id\":\"https:\/\/prestalab.net\/about\/\",\"url\":\"https:\/\/prestalab.net\/about\/\",\"name\":\"PrestaLab - About\",\"isPartOf\":{\"@id\":\"https:\/\/prestalab.net\/#website\"},\"datePublished\":\"2020-02-18T15:04:11+00:00\",\"dateModified\":\"2021-05-25T21:59:32+00:00\",\"description\":\"PrestaLab is an IT company based in Meknes, Morocco. It is specialized in cryptography, IT security and consulting.\",\"breadcrumb\":{\"@id\":\"https:\/\/prestalab.net\/about\/#breadcrumb\"},\"inLanguage\":\"fr-FR\",\"potentialAction\":[{\"@type\":\"ReadAction\",\"target\":[\"https:\/\/prestalab.net\/about\/\"]}]},{\"@type\":\"BreadcrumbList\",\"@id\":\"https:\/\/prestalab.net\/about\/#breadcrumb\",\"itemListElement\":[{\"@type\":\"ListItem\",\"position\":1,\"name\":\"Home\",\"item\":\"https:\/\/prestalab.net\/\"},{\"@type\":\"ListItem\",\"position\":2,\"name\":\"About\"}]},{\"@type\":\"WebSite\",\"@id\":\"https:\/\/prestalab.net\/#website\",\"url\":\"https:\/\/prestalab.net\/\",\"name\":\"PrestaLab\",\"description\":\"IT Security &amp; Consulting Experts\",\"publisher\":{\"@id\":\"https:\/\/prestalab.net\/#organization\"},\"potentialAction\":[{\"@type\":\"SearchAction\",\"target\":{\"@type\":\"EntryPoint\",\"urlTemplate\":\"https:\/\/prestalab.net\/?s={search_term_string}\"},\"query-input\":\"required name=search_term_string\"}],\"inLanguage\":\"fr-FR\"},{\"@type\":\"Organization\",\"@id\":\"https:\/\/prestalab.net\/#organization\",\"name\":\"PrestaLab\",\"url\":\"https:\/\/prestalab.net\/\",\"logo\":{\"@type\":\"ImageObject\",\"inLanguage\":\"fr-FR\",\"@id\":\"https:\/\/prestalab.net\/#\/schema\/logo\/image\/\",\"url\":\"https:\/\/prestalab.net\/wp-content\/uploads\/2020\/02\/handout_name.png\",\"contentUrl\":\"https:\/\/prestalab.net\/wp-content\/uploads\/2020\/02\/handout_name.png\",\"width\":829,\"height\":176,\"caption\":\"PrestaLab\"},\"image\":{\"@id\":\"https:\/\/prestalab.net\/#\/schema\/logo\/image\/\"},\"sameAs\":[\"https:\/\/www.linkedin.com\/company\/prestalab\"]}]}<\/script>\n<!-- \/ Yoast SEO plugin. -->","yoast_head_json":{"title":"PrestaLab - About","description":"PrestaLab est une soci\u00e9t\u00e9 IT bas\u00e9e \u00e0 Mekn\u00e8s, au Maroc. Elle est sp\u00e9cialis\u00e9e dans la cryptographie, la s\u00e9curit\u00e9 informatique et le conseil.","robots":{"index":"index","follow":"follow","max-snippet":"max-snippet:-1","max-image-preview":"max-image-preview:large","max-video-preview":"max-video-preview:-1"},"canonical":"https:\/\/prestalab.net\/fr\/about\/","og_locale":"fr_FR","og_type":"article","og_title":"PrestaLab - About","og_description":"PrestaLab is an IT company based in Meknes, Morocco. It is specialized in cryptography, IT security and consulting.","og_url":"https:\/\/prestalab.net\/fr\/about\/","og_site_name":"PrestaLab","article_modified_time":"2021-05-25T21:59:32+00:00","twitter_card":"summary_large_image","twitter_misc":{"Dur\u00e9e de lecture estim\u00e9e":"1 minute"},"schema":{"@context":"https:\/\/schema.org","@graph":[{"@type":"WebPage","@id":"https:\/\/prestalab.net\/about\/","url":"https:\/\/prestalab.net\/about\/","name":"PrestaLab - About","isPartOf":{"@id":"https:\/\/prestalab.net\/#website"},"datePublished":"2020-02-18T15:04:11+00:00","dateModified":"2021-05-25T21:59:32+00:00","description":"PrestaLab est une soci\u00e9t\u00e9 IT bas\u00e9e \u00e0 Mekn\u00e8s, au Maroc. Elle est sp\u00e9cialis\u00e9e dans la cryptographie, la s\u00e9curit\u00e9 informatique et le conseil.","breadcrumb":{"@id":"https:\/\/prestalab.net\/about\/#breadcrumb"},"inLanguage":"fr-FR","potentialAction":[{"@type":"ReadAction","target":["https:\/\/prestalab.net\/about\/"]}]},{"@type":"BreadcrumbList","@id":"https:\/\/prestalab.net\/about\/#breadcrumb","itemListElement":[{"@type":"ListItem","position":1,"name":"Home","item":"https:\/\/prestalab.net\/"},{"@type":"ListItem","position":2,"name":"About"}]},{"@type":"WebSite","@id":"https:\/\/prestalab.net\/#website","url":"https:\/\/prestalab.net\/","name":"PrestaLab","description":"Experts en S\u00e9curit\u00e9 &amp; Conseil IT","publisher":{"@id":"https:\/\/prestalab.net\/#organization"},"potentialAction":[{"@type":"SearchAction","target":{"@type":"EntryPoint","urlTemplate":"https:\/\/prestalab.net\/?s={search_term_string}"},"query-input":"required name=search_term_string"}],"inLanguage":"fr-FR"},{"@type":"Organization","@id":"https:\/\/prestalab.net\/#organization","name":"PrestaLab","url":"https:\/\/prestalab.net\/","logo":{"@type":"ImageObject","inLanguage":"fr-FR","@id":"https:\/\/prestalab.net\/#\/schema\/logo\/image\/","url":"https:\/\/prestalab.net\/wp-content\/uploads\/2020\/02\/handout_name.png","contentUrl":"https:\/\/prestalab.net\/wp-content\/uploads\/2020\/02\/handout_name.png","width":829,"height":176,"caption":"PrestaLab"},"image":{"@id":"https:\/\/prestalab.net\/#\/schema\/logo\/image\/"},"sameAs":["https:\/\/www.linkedin.com\/company\/prestalab"]}]}},"_links":{"self":[{"href":"https:\/\/prestalab.net\/fr\/wp-json\/wp\/v2\/pages\/61"}],"collection":[{"href":"https:\/\/prestalab.net\/fr\/wp-json\/wp\/v2\/pages"}],"about":[{"href":"https:\/\/prestalab.net\/fr\/wp-json\/wp\/v2\/types\/page"}],"author":[{"embeddable":true,"href":"https:\/\/prestalab.net\/fr\/wp-json\/wp\/v2\/users\/1"}],"replies":[{"embeddable":true,"href":"https:\/\/prestalab.net\/fr\/wp-json\/wp\/v2\/comments?post=61"}],"version-history":[{"count":28,"href":"https:\/\/prestalab.net\/fr\/wp-json\/wp\/v2\/pages\/61\/revisions"}],"predecessor-version":[{"id":637,"href":"https:\/\/prestalab.net\/fr\/wp-json\/wp\/v2\/pages\/61\/revisions\/637"}],"wp:attachment":[{"href":"https:\/\/prestalab.net\/fr\/wp-json\/wp\/v2\/media?parent=61"}],"curies":[{"name":"wp","href":"https:\/\/api.w.org\/{rel}","templated":true}]}}